{"id":999,"date":"2026-04-14T05:40:07","date_gmt":"2026-04-14T03:40:07","guid":{"rendered":"https:\/\/calderan.de\/produkt\/978-3-98600-013-4\/"},"modified":"2026-04-14T05:40:07","modified_gmt":"2026-04-14T03:40:07","slug":"978-3-98600-013-4","status":"publish","type":"product","link":"https:\/\/calderan.de\/en\/produkt\/978-3-98600-013-4\/","title":{"rendered":"Planta Nubo"},"content":{"rendered":"<h2>Solarpunk: Ein hoffnungsvoller Blick in die Zukunft<\/h2>\n<p>In der Solarpunk-Zukunft von Overgrown kann man sich die Welt von heute kaum mehr vorstellen. Alles, was bleibt, sind die Geschichten, die die Alten erz\u00e4hlen: Davon, wie die Menschheit in ihrer st\u00e4ndigen Gier nach mehr sich beinahe selbst vernichtet h\u00e4tte und wie in letzter Minute die Rettung aus einer Richtung kam, die niemand erwartet h\u00e4tte: von den Pflanzen.<br \/>\nAls das \u00d6kosystem des Planeten schon dabei war, zusammenzubrechen, sprossen pl\u00f6tzlich die Arboren aus dem Boden \u2013 riesige B\u00e4ume, deren Kronen unvergifteten Lebensraum f\u00fcr ganz neue Arten boten. Die \u00fcberlebenden Menschen verlie\u00dfen den Boden und bauten sich in den Baumkronen ein neues Leben auf \u2013 ein Leben im Einklang mit der Natur.<br \/>\nBasierend auf der Welt des Brettspiels Planta Nubo erz\u00e4hlt diese Solarpunk-Anthologie Geschichten aus der Overgrown-\u00c4ra, der Zeit nach dem Neuanfang. Verfolgt die Held:innen der Geschichten bei der Erforschung neuer Pflanzenarten und deren Wirkungen, beim Erfinden neuer und nachhaltiger Technologien, und dabei, wie sie ihren Platz in ihrer Gemeinschaft finden.<br \/>\nTauchen Sie ein in die hoffnungsvollen Zukunftsvisionen von 20 Autor:innen, die sich in dem jungen Genre des Solarpunks einen Namen machen. Tauche ein in die Welt von Overgrown.<\/p>\n<p>Mit Geschichten von:<br \/>\nChristian von Aster, Anja Bagus, Tim Becker, Andi Bottlinger, Laura D\u00fcmpelfeld, Anita Gr\u00f6ger, Christian Gronauer, Thorsten Hanson, Christian Humberg, Vanessa Jaeckert, Lillith Korn, Diandra Linnemann, Jacqueline Mayerhofer, Tanja Meurer, Jacqueline Montemurri, Bernd Perplies, Linda Sack, Anna Schlimpen, Juliane Seidel, Phoebe Wagner<\/p>\n<p>Herausgegeben von Sven Nieder und Andi Bottlinger.<\/p>\n<h2>Planta Nubo<\/h2>\n<p>\nPlanta Nubo, das gro\u00dfe Expert:innen-Spiel von The Game Builders wurde von Michael Keller, Uwe Rosenberg und ode. entworfen. Die Spieler:innen m\u00fcssen darin energiereiche Pflanzen anbauen und sie in gr\u00fcne Energie umwandeln. Nach und nach w\u00e4chst damit ihr Arbor und liefert den Sauerstoff, den die Menschheit zum \u00dcberleben braucht.<br \/>\nAls Begleitwerk verleiht die Anthologie der Welt des Spiels besondere Tiefe und richtet sich damit an diejenigen Spieler:innen, die ein besonders immersives Spielerlebnis w\u00fcnschen. Aber auch Fans der Solarpunk-Genres, die mit Brettspielen nichts am Hut haben, kommen hier auf ihre Kosten und k\u00f6nnen ganz in die Overgrown-Welt mit ihren faszinierenden Geheimnissen eintauchen.<\/p>\n<div class='gpsr'>\n<h4>Hersteller<\/h4>\n<p><\/p>\n<p>Kraterleuchten GmbH<br \/>Gartenstra\u00dfe 3, 54550 Daun, DE<br \/>+49 6592 202 80 50 | <a href='mailto:gpsr@kraterleuchten.com'>gpsr@kraterleuchten.com<\/a><\/p>\n<\/div>\n","protected":false},"excerpt":{"rendered":"<h2>Eine Solarpunk-Anthologie in der Welt von \u00bbOvergrown\u00ab<\/h2>\n<p> <em class='urheber'>Herausgegeben von Sven Nieder<\/em> <em class='urheber'>Herausgegeben von Andi Bottlinger<\/em> <em class='urheber'>Christian von Aster<\/em><\/p>\n<p class=\"book-excerpt\">\n<p class=\"book-meta\">Hardcover | 384 Seiten | 13.5 x 21 cm <br \/>ISBN  978-3-98600-013-4<br \/>1. Auflage<\/p>\n","protected":false},"featured_media":639,"template":"","meta":[],"product_brand":[],"product_cat":[178,147,159,46,177],"product_tag":[162,163,164,165,166,167,168,169,170,171,172,173,174],"class_list":{"0":"post-999","1":"product","2":"type-product","3":"status-publish","4":"has-post-thumbnail","6":"product_cat-andi-bottlinger","7":"product_cat-autor","8":"product_cat-christian-von-aster","9":"product_cat-e-book","10":"product_cat-sven-nieder","11":"product_tag-baeume-als-lebensretter","12":"product_tag-forschung-und-entdeckung-neuer-pflanzenarten","13":"product_tag-gemeinschaft-und-zusammenhalt","14":"product_tag-hoffnungsvolle-geschichten","15":"product_tag-leben-im-einklang-mit-der-natur","16":"product_tag-nachhaltige-technologien","17":"product_tag-oekosystem","18":"product_tag-planta-nubo-brettspiel","19":"product_tag-solarpunk","20":"product_tag-solarpunk-anthologie","21":"product_tag-ueberlebenskampf","22":"product_tag-utopie","23":"product_tag-zukunftsvisionen","24":"pa_urheber-in-andi-bottlinger","25":"pa_urheber-in-christian-von-aster","26":"pa_urheber-in-sven-nieder","28":"first","29":"instock","30":"taxable","31":"shipping-taxable","32":"purchasable","33":"product-type-simple"},"_links":{"self":[{"href":"https:\/\/calderan.de\/en\/wp-json\/wp\/v2\/product\/999","targetHints":{"allow":["GET"]}}],"collection":[{"href":"https:\/\/calderan.de\/en\/wp-json\/wp\/v2\/product"}],"about":[{"href":"https:\/\/calderan.de\/en\/wp-json\/wp\/v2\/types\/product"}],"wp:featuredmedia":[{"embeddable":true,"href":"https:\/\/calderan.de\/en\/wp-json\/wp\/v2\/media\/639"}],"wp:attachment":[{"href":"https:\/\/calderan.de\/en\/wp-json\/wp\/v2\/media?parent=999"}],"wp:term":[{"taxonomy":"product_brand","embeddable":true,"href":"https:\/\/calderan.de\/en\/wp-json\/wp\/v2\/product_brand?post=999"},{"taxonomy":"product_cat","embeddable":true,"href":"https:\/\/calderan.de\/en\/wp-json\/wp\/v2\/product_cat?post=999"},{"taxonomy":"product_tag","embeddable":true,"href":"https:\/\/calderan.de\/en\/wp-json\/wp\/v2\/product_tag?post=999"}],"curies":[{"name":"wp","href":"https:\/\/api.w.org\/{rel}","templated":true}]}}