{"id":998,"date":"2026-04-21T05:42:43","date_gmt":"2026-04-21T03:42:43","guid":{"rendered":"https:\/\/calderan.de\/produkt\/8718868335920\/"},"modified":"2026-04-21T05:42:43","modified_gmt":"2026-04-21T03:42:43","slug":"8718868335920","status":"publish","type":"product","link":"https:\/\/calderan.de\/en\/produkt\/8718868335920\/","title":{"rendered":"EndPlasticSoup Puzzle (EPS) \u2013 1.000 Teile"},"content":{"rendered":"<h2>Gemeinsam Puzzeln f\u00fcr eine sauberere Welt<\/h2>\n<p>Plastikm\u00fcll ist ein gro\u00dfes Problem. Die H\u00e4lfte, der bisher produzierten 9,2 Milliarden Tonnen Kunststoff ist als Abfall auf Deponien oder einfach in der Umwelt gelandet. Davon flie\u00dfen weltweit j\u00e4hrlich zwischen 5 und 13 Millionen Tonnen Plastik in die Ozeane*. Das sind riesige Mengen, mit gro\u00dfen Folgen. Plastik wird nicht vollst\u00e4ndig abgebaut, sondern zersetzt sich in Mikroplastik und gelangt \u00fcber das Plankton, die Nahrung von Fischen, Garnelen und Schalentieren, in unsere Nahrung.<\/p>\n<p>Die Verschmutzung an Land ist vielleicht noch schlimmer als im Meer. Unsere Pflegeprodukte enthalten Mikroplastik, das \u00fcber den Abfluss in die Kanalisation gelangt. Der Kl\u00e4rschlamm wird als D\u00fcnger auf landwirtschaftlichen Fl\u00e4chen verwendet, sodass Mikroplastik auch in unser Obst und Gem\u00fcse aufgenommen wird.<\/p>\n<p>Dies f\u00fchrt zu Krankheiten und Anomalien und zur Zerst\u00f6rung unserer Gesundheit und unseres gesamten \u00d6kosystems.<\/p>\n<p>Die Rotary Clubs Wageningen und Wipperf\u00fcrth-Lindlar\/Romerike Berge wollen helfen, dieses Problem anzugehen. Mit dem Erl\u00f6s dieses Puzzles unterst\u00fctzen wir Aufkl\u00e4rungs- und Bildungsprogramme, Forschungsprogramme sowie Recycling- und Sammlungsaktionen.<\/p>\n<p>Wir tun dies zusammen mit endplasticsoup.org.<\/p>\n<p>Wir danken f\u00fcr Ihren Beitrag f\u00fcr eine bessere Umwelt. Und nat\u00fcrlich viel Spa\u00df beim Puzzeln!<\/p>\n<h2>Geschichte des Puzzles<\/h2>\n<p>Die Rotary Partnerclubs RC Wageningen (NL) und RC Wipperf\u00fcrth-Lindlar\/Romerike Berge (DE) unterst\u00fctzen \u00bbEndPlasticSoup\u00ab und haben daher gemeinsam mit dem niederl\u00e4ndischen Illustrator Henk van Ruitenbeek dieses Puzzle entworfen, das wesentliche Aspekte des sich immer weiter verst\u00e4rkenden Umweltproblems \u00bbPlastik\u00ab k\u00fcnstlerisch einf\u00e4ngt.<\/p>\n<p>In der linken oberen Ecke ist :metabolon in Lindlar zu sehen. Hier entstand auf einer Deponie ein Forschungs- und Innovationszentrum f\u00fcr Stoffumwandlung, auf dem zu Recyclingthemen geforscht wird, aber vor allen Dingen zum Thema Abfallvermeidung Wissen vermittelt wird. Direkt angrenzend finden wir das Hotel \u00bbDe Wereld\u00ab aus Wageningen, welches 1945 der Ort der Kapitulation der deutschen Truppen in den Niederlanden war und somit als Denkmal f\u00fcr Frieden und Freiheit steht.<\/p>\n<p>V\u00f6llig \u00fcberzeichnet stellt der K\u00fcnstler dar, was sich zurzeit in unserer Umwelt abspielt. Erfahren wir doch drastisch in der Darstellung die Wiederbegegnung mit Gegenst\u00e4nden aus unserem t\u00e4glichen Leben: achtlos entsorgt und eingedrungen in die Nahrungskette hinterlassen sie oft ihre umweltverschmutzenden, ja zum Teil t\u00f6dlichen Spuren. Fische werden zu gigantischen M\u00fcllfressern, geritten von einer Meerjungfrau im scheinbar aussichtslosen Kampf gegen den M\u00fcll. Das Puzzle zeigt aber auch L\u00f6sungsans\u00e4tze wie z. B. die Plogger, die den Kampf gegen den M\u00fcll aufgenommen haben.<\/p>\n<div class='gpsr'>\n<h4>Hersteller<\/h4>\n<p><\/p>\n<p>,  , <br \/><a href='mailto:'><\/a><\/p>\n<\/div>\n<div class='gpsr_icon'><img src='https:\/\/calderan.de\/wp-content\/themes\/calderan\/images\/0-3_sign.svg'><\/div>\n","protected":false},"excerpt":{"rendered":"<h2>Gemeinsam Puzzeln f\u00fcr eine sauberere Welt<\/h2>\n<p> <em class='urheber'>Henk van Ruitenbeek<\/em>  <\/p>\n<p class=\"book-excerpt\">\n<p class=\"book-meta\">Puzzle | 33 x 23.5 cm <br \/>EAN  8718868335920<br \/>1. Auflage<\/p>\n","protected":false},"featured_media":431,"template":"","meta":[],"product_brand":[],"product_cat":[147,150],"product_tag":[139,140,141],"class_list":{"0":"post-998","1":"product","2":"type-product","3":"status-publish","4":"has-post-thumbnail","6":"product_cat-autor","7":"product_cat-henk-van-ruitenbeek","8":"product_tag-meer","9":"product_tag-plastik","10":"product_tag-umwelt","11":"pa_urheber-in-andi-bottlinger","12":"pa_urheber-in-henk-van-ruitenbeek","14":"first","15":"instock","16":"taxable","17":"shipping-taxable","18":"purchasable","19":"product-type-simple"},"_links":{"self":[{"href":"https:\/\/calderan.de\/en\/wp-json\/wp\/v2\/product\/998","targetHints":{"allow":["GET"]}}],"collection":[{"href":"https:\/\/calderan.de\/en\/wp-json\/wp\/v2\/product"}],"about":[{"href":"https:\/\/calderan.de\/en\/wp-json\/wp\/v2\/types\/product"}],"wp:featuredmedia":[{"embeddable":true,"href":"https:\/\/calderan.de\/en\/wp-json\/wp\/v2\/media\/431"}],"wp:attachment":[{"href":"https:\/\/calderan.de\/en\/wp-json\/wp\/v2\/media?parent=998"}],"wp:term":[{"taxonomy":"product_brand","embeddable":true,"href":"https:\/\/calderan.de\/en\/wp-json\/wp\/v2\/product_brand?post=998"},{"taxonomy":"product_cat","embeddable":true,"href":"https:\/\/calderan.de\/en\/wp-json\/wp\/v2\/product_cat?post=998"},{"taxonomy":"product_tag","embeddable":true,"href":"https:\/\/calderan.de\/en\/wp-json\/wp\/v2\/product_tag?post=998"}],"curies":[{"name":"wp","href":"https:\/\/api.w.org\/{rel}","templated":true}]}}