{"id":997,"date":"2026-05-15T05:42:33","date_gmt":"2026-05-15T03:42:33","guid":{"rendered":"https:\/\/calderan.de\/produkt\/978-3-98600-010-3\/"},"modified":"2026-05-15T05:42:33","modified_gmt":"2026-05-15T03:42:33","slug":"978-3-98600-010-3","status":"publish","type":"product","link":"https:\/\/calderan.de\/en\/produkt\/978-3-98600-010-3\/","title":{"rendered":"Aeternum"},"content":{"rendered":"<p>Berlin, Alexanderplatz: Ohne jegliche Vorwarnung st\u00fcrzt der gro\u00dfe Platz eines Tages ein \u2013 zur\u00fcck bleibt ein riesiger Krater, der bis in die tiefsten Katakomben der Hauptstadt reicht. Nicht nur die Stadtoberen stehen vor einem R\u00e4tsel \u2013 auch die seit langem verfeindeten Parteien der D\u00e4monen und Engel k\u00f6nnen sich nicht erkl\u00e4ren, wer f\u00fcr den Einsturz verantwortlich sein k\u00f6nnte. Um das herauszufinden, werden die junge Magierin Amanda, die im Dienst eines D\u00e4mons steht, und der gefallene Engel Jul in die Katakomben geschickt. Dabei kommen die beiden sich nicht nur n\u00e4her, sie entdecken auch ein Geheimnis, das die Existenz unserer Welt bedroht \u2026<\/p>\n<h4 class='autorbio'>Andrea Bottlinger<\/h4>\n<p><i>Andrea Bottlinger wurde 1985 in Karlsruhe geboren und hat in Mainz Buchwissenschaft, Literaturwissenschaft und \u00c4gyptologie studiert. Heute benutzt sie bevorzugt den Namen Andi und lebt mit zwei wunderbaren Menschen und einer altersschwachen Katze in einer WG in Frankfurt. Andi arbeitet als freier Lektor und Autor und hat um die 20 Werke bei namhaften Verlagen ver\u00f6ffentlicht.<\/i><\/p>\n<div class='gpsr'>\n<h4>Hersteller<\/h4>\n<p><\/p>\n<p>Kraterleuchten GmbH<br \/>Gartenstra\u00dfe 3, 54550 Daun, DE<br \/>+49 6592 202 80 50 | <a href='mailto:gpsr@kraterleuchten.com'>gpsr@kraterleuchten.com<\/a><\/p>\n<\/div>\n","protected":false},"excerpt":{"rendered":"<h2>Roman<\/h2>\n<p> <em class='urheber'>Andrea Bottlinger<\/em>  <\/p>\n<p class=\"book-excerpt\">\n<p class=\"book-meta\">Softcover | 596 Seiten | 13.5 x 21.5 cm <br \/>ISBN  978-3-98600-010-3<br \/>2. Auflage<\/p>\n","protected":false},"featured_media":298,"template":"","meta":[],"product_brand":[],"product_cat":[149,147,46],"product_tag":[61,88,89,90,91,92,93,94,95,81,96,82,97,98,99,100,101,102,83,103,104,40,105,106,107,108,109,110,111,112,113,114,115,116,117,118,84,119,41,120,121,122,123,85,86,87,124],"class_list":{"0":"post-997","1":"product","2":"type-product","3":"status-publish","4":"has-post-thumbnail","6":"product_cat-andrea-bottlinger","7":"product_cat-autor","8":"product_cat-e-book","9":"product_tag-aeternum","10":"product_tag-alexanderplatz-fantasy","11":"product_tag-alexanderplatz-fantasy-liebesroman","12":"product_tag-alexanderplatz-krater","13":"product_tag-alexanderplatz-liebesroman","14":"product_tag-berlin-alex-daemonen","15":"product_tag-berlin-alex-liebe","16":"product_tag-berlin-alexanderplatz-magie","17":"product_tag-berlin-angel","18":"product_tag-berlin-daemonen","19":"product_tag-berlin-demon","20":"product_tag-berlin-engel","21":"product_tag-berlin-fantasy","22":"product_tag-berlin-fantasy-liebesroman","23":"product_tag-berlin-katakomben","24":"product_tag-berlin-krater","25":"product_tag-daemon","26":"product_tag-daemonen","27":"product_tag-daemonen-berlin","28":"product_tag-demon-berlin","29":"product_tag-engel","30":"product_tag-fantasy","31":"product_tag-fantasy-buch","32":"product_tag-fantasy-buecher","33":"product_tag-fantasy-daemon","34":"product_tag-fantasy-deutsch","35":"product_tag-fantasy-engel-daemonen","36":"product_tag-fantasy-geheimnis","37":"product_tag-fantasy-kindle","38":"product_tag-fantasy-liebesroman","39":"product_tag-fantasy-liebesromane-deutsch","40":"product_tag-fantasy-magier","41":"product_tag-fantasy-roman","42":"product_tag-fantasy-romane","43":"product_tag-fantasy-zwei-welten","44":"product_tag-gefallener-engel","45":"product_tag-himmel-hoelle-magie","46":"product_tag-katakomben-berlin","47":"product_tag-phantastik","48":"product_tag-urban-fantasy","49":"product_tag-urban-fantasy-berlin","50":"product_tag-urban-fantasy-deutschland","51":"product_tag-urban-fantasy-hauptstadt","52":"product_tag-urban-fantasy-liebesroman","53":"product_tag-urban-fantasy-roman","54":"product_tag-weltbedrohung","55":"product_tag-zwei-welten-treffen-aufeinander","56":"pa_urheber-in-andi-bottlinger","57":"pa_urheber-in-andrea-bottlinger","59":"first","60":"instock","61":"taxable","62":"shipping-taxable","63":"purchasable","64":"product-type-simple"},"_links":{"self":[{"href":"https:\/\/calderan.de\/en\/wp-json\/wp\/v2\/product\/997","targetHints":{"allow":["GET"]}}],"collection":[{"href":"https:\/\/calderan.de\/en\/wp-json\/wp\/v2\/product"}],"about":[{"href":"https:\/\/calderan.de\/en\/wp-json\/wp\/v2\/types\/product"}],"wp:featuredmedia":[{"embeddable":true,"href":"https:\/\/calderan.de\/en\/wp-json\/wp\/v2\/media\/298"}],"wp:attachment":[{"href":"https:\/\/calderan.de\/en\/wp-json\/wp\/v2\/media?parent=997"}],"wp:term":[{"taxonomy":"product_brand","embeddable":true,"href":"https:\/\/calderan.de\/en\/wp-json\/wp\/v2\/product_brand?post=997"},{"taxonomy":"product_cat","embeddable":true,"href":"https:\/\/calderan.de\/en\/wp-json\/wp\/v2\/product_cat?post=997"},{"taxonomy":"product_tag","embeddable":true,"href":"https:\/\/calderan.de\/en\/wp-json\/wp\/v2\/product_tag?post=997"}],"curies":[{"name":"wp","href":"https:\/\/api.w.org\/{rel}","templated":true}]}}