{"id":996,"date":"2026-04-24T05:43:06","date_gmt":"2026-04-24T03:43:06","guid":{"rendered":"https:\/\/calderan.de\/produkt\/4260617191232\/"},"modified":"2026-04-24T05:43:06","modified_gmt":"2026-04-24T03:43:06","slug":"4260617191232","status":"publish","type":"product","link":"https:\/\/calderan.de\/en\/produkt\/4260617191232\/","title":{"rendered":"Applejack &#8211; Familienspiel &#8211; The Game Builders"},"content":{"rendered":"<p>Applejack ist ein Puzzlespiel von Erfolgsautor Uwe Rosenberg f\u00fcr 1-4 Personen. Es richtet sich sowohl an Kenner wie Familienspieler. Gefordert sind kluges Abw\u00e4gen der eigenen Spielz\u00fcge und das geschickte Ausnutzen von Gelegenheiten im Wettbewerb mit den Mitspielern.<\/p>\n<p>Vor den Spielern liegt zu Beginn eine weite, leere Streuobstwiese. Durch das geschickte Ausw\u00e4hlen von Pl\u00e4ttchen, die \u00fcber den gemeinsamen Ernteplan ins Spiel kommen, bepflanzen die Spieler ihre Wiese nach und nach mit Apfelb\u00e4umen, die unterschiedlich viele Fr\u00fcchte tragen. Ihr Ziel ist es, m\u00f6glichst viele \u00c4pfel einer Sorte bei einer der regelm\u00e4\u00dfigen Ernten zusammenzubringen. Zugleich gilt es, ertragreich Bienenk\u00f6rbe miteinander zu verbinden, die zwischen den Apfelb\u00e4umen aufgestellt sind. Denn ohne Bienenk\u00f6rbe keinen Honig, und ohne Honig keine Bienen und keine \u00c4pfel. Wem es am besten gelingt, diese beiden Aufgaben beim Legen der Pl\u00e4ttchen miteinander zu verbinden, wird am Ende den meisten Honig eingeheimst haben!<\/p>\n<p>Applejack ist ein Spiel von The Game Builders im Vertrieb von Calderan\u00ae.<\/p>\n<h4 class='autorbio'>Uwe Rosenberg<\/h4>\n<p><i>Uwe Rosenberg, geboren 1970 in Aurich\/Ostfriesland, geh\u00f6rt zu den erfolgreichsten deutschen Spieleautoren. Seine bekanntesten Spiele sind das Kartenspiel Bohnanza, das Puzzle- und Legespiel Patchwork sowie Agricola, ein komplexes Aufbauspiel, mit dem er 2008 den Deutschen Spielpreis gewann. Uwe Rosenberg lebt und arbeitet in G\u00fctersloh.<\/i><\/p>\n<h4 class='autorbio'>Lukas Siegmon<\/h4>\n<p><i>Lukas Siegmon ist ein Illustrator, der sich in der Spieleszene inzwischen einen Namen gemacht hat. Zu den von ihm illustrierten Spielen geh\u00f6ren unter anderem Nova Luna, Reykholt und Hallertau. Lukas Siegmon lebt und arbeitet in Kiel.<\/i><\/p>\n<div class='gpsr'>\n<h4>Hersteller<\/h4>\n<p><\/p>\n<p>,  , <br \/><a href='mailto:'><\/a><\/p>\n<\/div>\n<div class='gpsr_icon'><img src='https:\/\/calderan.de\/wp-content\/themes\/calderan\/images\/0-3_sign.svg'><img src='https:\/\/calderan.de\/wp-content\/themes\/calderan\/images\/CE.svg'><\/div>\n","protected":false},"excerpt":{"rendered":"<h2>ein bissfestes Legespiel von Bestseller-Autor Uwe Rosenberg<\/h2>\n<p> <em class='urheber'>Uwe Rosenberg<\/em> <em class='urheber'>Illustriert von Lukas Siegmon<\/em> <em class='urheber'>Herausgegeben von  The Game Builders<\/em><\/p>\n<p>Ein Spiel von <a href='https:\/\/gamebuilders.de' target='_blank'>The Game Builders<\/a><\/p>\n<p class=\"book-excerpt\">\n<p class=\"book-meta\">Spiel | 24.5 x 24.5 cm <br \/>EAN  4260617191232<br \/>1. Auflage<\/p>\n<div><a class='button rules' href='https:\/\/calderan.de\/wp-content\/uploads\/4260617191232_Spielanleitung.pdf' target='_blank'>Spielanleitung<\/a><\/div>\n<div><a class='button rules' href='https:\/\/calderan.de\/wp-content\/uploads\/4260617191232_rules_english.pdf' target='_blank'>English rules<\/a><\/div>\n<p class='verfuegbarkeit'>Vor\u00fcbergehend nicht lieferbar<\/p>\n","protected":false},"featured_media":309,"template":"","meta":[],"product_brand":[],"product_cat":[147,152,77,153,151],"product_tag":[64,65,66,67,68,69,57,70,71,72,73,74,75],"class_list":{"0":"post-996","1":"product","2":"type-product","3":"status-publish","4":"has-post-thumbnail","6":"product_cat-autor","7":"product_cat-lukas-siegmon","8":"product_cat-spielen-unterhaltung","9":"product_cat-the-game-builders","10":"product_cat-uwe-rosenberg","11":"product_tag-apfel","12":"product_tag-bienen","13":"product_tag-brettspiel","14":"product_tag-familienspiel","15":"product_tag-honig","16":"product_tag-kennerspiel","17":"product_tag-legespiel","18":"product_tag-mehrpersonenspiel","19":"product_tag-puzzle","20":"product_tag-puzzlemechanismus","21":"product_tag-rosenberg","22":"product_tag-solospiel","23":"product_tag-streuobstwiese","24":"pa_themenwelten-spielen-unterhaltung","25":"pa_urheber-in-lukas-siegmon","26":"pa_urheber-in-the-game-builders","27":"pa_urheber-in-uwe-rosenberg","29":"first","30":"outofstock","31":"taxable","32":"shipping-taxable","33":"purchasable","34":"product-type-simple"},"_links":{"self":[{"href":"https:\/\/calderan.de\/en\/wp-json\/wp\/v2\/product\/996","targetHints":{"allow":["GET"]}}],"collection":[{"href":"https:\/\/calderan.de\/en\/wp-json\/wp\/v2\/product"}],"about":[{"href":"https:\/\/calderan.de\/en\/wp-json\/wp\/v2\/types\/product"}],"wp:featuredmedia":[{"embeddable":true,"href":"https:\/\/calderan.de\/en\/wp-json\/wp\/v2\/media\/309"}],"wp:attachment":[{"href":"https:\/\/calderan.de\/en\/wp-json\/wp\/v2\/media?parent=996"}],"wp:term":[{"taxonomy":"product_brand","embeddable":true,"href":"https:\/\/calderan.de\/en\/wp-json\/wp\/v2\/product_brand?post=996"},{"taxonomy":"product_cat","embeddable":true,"href":"https:\/\/calderan.de\/en\/wp-json\/wp\/v2\/product_cat?post=996"},{"taxonomy":"product_tag","embeddable":true,"href":"https:\/\/calderan.de\/en\/wp-json\/wp\/v2\/product_tag?post=996"}],"curies":[{"name":"wp","href":"https:\/\/api.w.org\/{rel}","templated":true}]}}