{"id":2385,"date":"2026-05-03T05:44:52","date_gmt":"2026-05-03T03:44:52","guid":{"rendered":"https:\/\/calderan.de\/produkt\/4260617190068\/"},"modified":"2026-05-03T05:44:52","modified_gmt":"2026-05-03T03:44:52","slug":"4260617190068","status":"publish","type":"product","link":"https:\/\/calderan.de\/en\/produkt\/4260617190068\/","title":{"rendered":"Barbecubes (DE) \u2013 Der hei\u00dfe Grill-Hit aus England endlich auf Deutsch!"},"content":{"rendered":"<h2>Barbecubes (DE) \u2013 Der hei\u00dfe Grill-Hit aus England endlich auf Deutsch!<\/h2>\n<p>Der Nachfolger des Bestsellers <\/p>\n<h2>Tinderblox<\/h2>\n<p> von Alley Cat Games. Lass nichts verkohlen! Wer wird Grillk\u00f6nig oder Grillk\u00f6nigin? Ein spannendes Geschicklichkeitsspiel f\u00fcr die ganze Familie.<\/p>\n<p>Der Grill ist hei\u00df \u2013 Zeit f\u00fcrs BBQ! Nach dem riesigen Erfolg von Tinderblox legt Alley Cat Games nach: <i>Barbecubes<\/i> ist der brandneue Nachfolger des beliebten Geschicklichkeitsspiels und bringt den Grill-Spa\u00df direkt auf euren Spieltisch! Ein witziges Geschicklichkeitsspiel f\u00fcr 2 bis 6 Spieler, das die ganze Familie begeistert, wartet auf euch! Barbecubes versetzt die Spielenden mitten in eine sommerliche Grillparty, wo jeder versucht, das perfekte Barbecue zu zaubern und den Grill geschickt zu best\u00fccken. Aber Vorsicht! Wer das Grillgut falsch platziert oder mit zittriger Hand hantiert, riskiert, dass W\u00fcrstchen, Steaks und Gem\u00fcse durch den Rost fallen und verkohlen \u2013 und dann gehen alle hungrig nach Hause!<\/p>\n<p><i>So wird gespielt:<\/i><br \/>In jeder Runde ziehen die Spielenden eine Karte vom Barbecubes-Stapel. Die Karte gibt vor, welches Grillgut auf den Grill muss und auf wie vielen St\u00e4ben des Grillrostes es aufliegen soll. Jetzt wird&#8217;s spannend: Mit der Grillzange m\u00fcssen die Spielenden das entsprechende Teil aus dem Vorrat greifen und vorsichtig auf dem immer voller werdenden Grill platzieren. Zeigt die Karte das gef\u00fcrchtete Handwechsel-Symbol, wird&#8217;s richtig knifflig \u2013 dann muss die nicht-dominante Hand ran! Rechtsh\u00e4nder m\u00fcssen pl\u00f6tzlich mit links greifen und umgekehrt. Der Grill wird voller, die Spannung steigt, und jede Bewegung muss sitzen!<\/p>\n<h2>Nervenkitzel garantiert:<\/h2>\n<p>F\u00e4llt ein St\u00fcck Grillgut vom Rost oder durch die St\u00e4be in die Schachtel, kassiert der Spieler eine Strafkarte. Bei der zweiten Karte ist Schluss \u2013 ausgeschieden! Der Spieler, der am geschicktesten mit der Zange umgeht, die ruhigste Hand beweist und nichts verkohlen l\u00e4sst, wird am Ende zum Grillk\u00f6nig oder zur Grillk\u00f6nigin gekr\u00f6nt!<\/p>\n<h2>Perfekt f\u00fcr jeden Spieleabend:<\/h2>\n<p>Barbecubes ist ein kurzweiliges Partyspiel, das schnell erkl\u00e4rt ist und sofort f\u00fcr Lacher sorgt. Fans von Tinderblox werden das bew\u00e4hrte Spielprinzip lieben \u2013 jetzt mit frischem Grill-Thema! Ob Familienspiel, Gesellschaftsspiel f\u00fcr Erwachsene oder lustiges Geschicklichkeitsspiel f\u00fcr Kinder \u2013 Barbecubes begeistert alle Altersgruppen und ist der perfekte Eisbrecher f\u00fcr jede Spielrunde. Dank der kompakten Verpackung l\u00e4sst sich das Spiel auch problemlos mit auf Reisen, zum Camping oder zur n\u00e4chsten Gartenparty nehmen.<\/p>\n<h2>Spielinhalt:<\/h2>\n<ul>\n<li>1 Grillzange (plus 1 Ersatzzange)<\/li>\n<li>36 Barbecubes-Karten<\/li>\n<li>2 Grillrost-Teile<\/li>\n<li>36 Teile Grillgut (W\u00fcrstchen, Steaks, Gem\u00fcse und mehr)<\/li>\n<li>Deutsche Spielanleitung<\/li>\n<\/ul>\n<p><\/p>\n<h2>Barbecubes (Deutsche Ausgabe)<\/h2>\n<p>Designer: Rob Sparks &amp; Brett J. Gilbert<br \/>K\u00fcnstler: Rory Muldoon<br \/>Entwicklung: Joshua Parry &amp; Anthony Howgego<br \/>Herausgeber: Alley Cat Games<br \/>Deutsche Ausgabe \u2013 Verlag: The Game Builders<br \/>Vertrieb: Calderan<\/p>\n<div class='gpsr'>\n<h4>Hersteller<\/h4>\n<p><\/p>\n<p>The Game Builders Hanson &#038; Odendahl GbR<br \/>Ostendorf 7, 48612 Horstmar, DE<br \/><a href='mailto:info@gamebuilders.de'>info@gamebuilders.de<\/a><\/p>\n<\/div>\n<div class='gpsr_icon'><img src='https:\/\/calderan.de\/wp-content\/themes\/calderan\/images\/0-3_sign.svg'><img src='https:\/\/calderan.de\/wp-content\/themes\/calderan\/images\/CE.svg'><\/div>\n","protected":false},"excerpt":{"rendered":"<h2>Der Nachfolger des Bestsellers Tinderblox von Alley Cat Games. Ein spannendes Geschicklichkeitsspiel f\u00fcr die ganze Familie.<\/h2>\n<p> <em class='urheber'>Rob Sparks<\/em> <em class='urheber'>Illustriert von Rory Muldoon<\/em> <em class='urheber'>Herausgegeben von  The Game Builders<\/em><\/p>\n<p>Ein Spiel von <a href='https:\/\/gamebuilders.de' target='_blank'>The Game Builders<\/a><\/p>\n<p class=\"book-excerpt\">\n<p class=\"book-meta\">Spiel | 6.4 x 9.4 cm <br \/>EAN  4260617190068<br \/>1. Auflage<\/p>\n","protected":false},"featured_media":2381,"template":"","meta":[],"product_brand":[],"product_cat":[147,181,182,77,153],"product_tag":[66,67,183,70,71,74],"class_list":{"0":"post-2385","1":"product","2":"type-product","3":"status-publish","4":"has-post-thumbnail","6":"product_cat-autor","7":"product_cat-rob-sparks","8":"product_cat-rory-muldoon","9":"product_cat-spielen-unterhaltung","10":"product_cat-the-game-builders","11":"product_tag-brettspiel","12":"product_tag-familienspiel","13":"product_tag-geschicklichkeitsspiel","14":"product_tag-mehrpersonenspiel","15":"product_tag-puzzle","16":"product_tag-solospiel","17":"pa_themenwelten-spielen-unterhaltung","18":"pa_urheber-in-rob-sparks","19":"pa_urheber-in-rory-muldoon","20":"pa_urheber-in-the-game-builders","22":"first","23":"instock","24":"featured","25":"taxable","26":"shipping-taxable","27":"purchasable","28":"product-type-simple"},"_links":{"self":[{"href":"https:\/\/calderan.de\/en\/wp-json\/wp\/v2\/product\/2385","targetHints":{"allow":["GET"]}}],"collection":[{"href":"https:\/\/calderan.de\/en\/wp-json\/wp\/v2\/product"}],"about":[{"href":"https:\/\/calderan.de\/en\/wp-json\/wp\/v2\/types\/product"}],"wp:featuredmedia":[{"embeddable":true,"href":"https:\/\/calderan.de\/en\/wp-json\/wp\/v2\/media\/2381"}],"wp:attachment":[{"href":"https:\/\/calderan.de\/en\/wp-json\/wp\/v2\/media?parent=2385"}],"wp:term":[{"taxonomy":"product_brand","embeddable":true,"href":"https:\/\/calderan.de\/en\/wp-json\/wp\/v2\/product_brand?post=2385"},{"taxonomy":"product_cat","embeddable":true,"href":"https:\/\/calderan.de\/en\/wp-json\/wp\/v2\/product_cat?post=2385"},{"taxonomy":"product_tag","embeddable":true,"href":"https:\/\/calderan.de\/en\/wp-json\/wp\/v2\/product_tag?post=2385"}],"curies":[{"name":"wp","href":"https:\/\/api.w.org\/{rel}","templated":true}]}}