{"id":2370,"date":"2026-04-11T05:42:41","date_gmt":"2026-04-11T03:42:41","guid":{"rendered":"https:\/\/calderan.de\/produkt\/978-3-98600-017-2\/"},"modified":"2026-04-11T05:42:41","modified_gmt":"2026-04-11T03:42:41","slug":"978-3-98600-017-2","status":"publish","type":"product","link":"https:\/\/calderan.de\/en\/produkt\/978-3-98600-017-2\/","title":{"rendered":"Der Goldene Machtkristall"},"content":{"rendered":"<p>Ein dramatischer Einbruch ins Britische Museum st\u00fcrzt Lucius Adler in ein gef\u00e4hrliches Abenteuer voller Magie und Verschw\u00f6rungen im viktorianischen London.<\/p>\n<p><h2>Ein mysteri\u00f6ses Artefakt bedroht das Empire<\/h2>\n<\/p>\n<p>Als Sohn der ber\u00fchmten Zauberk\u00fcnstlerin Irene Adler besitzt Lucius bereits au\u00dfergew\u00f6hnliche F\u00e4higkeiten. Doch als ein goldener Machtkristall gestohlen wird, der Menschen willenlos machen kann, ger\u00e4t er in sein bisher gr\u00f6\u00dftes Abenteuer. Gemeinsam mit seinen neuen Freunden vom geheimen &#8220;Rabennest&#8221; folgt er der Spur des gef\u00e4hrlichen Artefakts durch die nebligen Stra\u00dfen Londons.<\/p>\n<p><h2>Verschw\u00f6rung bis in h\u00f6chste Kreise<\/h2>\n<\/p>\n<p>Die Ermittlungen f\u00fchren Lucius und seine Verb\u00fcndeten immer tiefer in ein Netz aus Intrigen und dunkler Magie. Als sich herausstellt, dass die Verschw\u00f6rung bis zur K\u00f6nigin selbst reicht, wird aus dem Abenteuer ein Wettlauf gegen die Zeit. Mit Detektivgeschick, den Verschwindetricks seiner Mutter und ungew\u00f6hnlichen Verb\u00fcndeten nimmt Lucius die Verfolgung auf.<\/p>\n<p><h2>Warum dieses Buch begeistert:<\/h2>\n<\/p>\n<ul>\n<li>Spannende Mischung aus Sherlock Holmes-Atmosph\u00e4re und magischen Elementen<\/li>\n<li>Authentisches viktorianisches London als faszinierender Schauplatz<\/li>\n<li>Starke Freundschaften und mutige Kinderdetektive als Vorbilder<\/li>\n<li>Clevere R\u00e4tsel und \u00fcberraschende Wendungen bis zum Finale<\/li>\n<li>Perfekt f\u00fcr junge Abenteurerinnen und Abenteurer ab 10 Jahren<\/li>\n<\/ul>\n<p>Ein fesselndes Abenteuer f\u00fcr alle, die magische Geheimnisse, clevere Detektivarbeit und mutige Helden lieben.<\/p>\n<h4 class='autorbio'>Bernd Perplies<\/h4>\n<p><i>Bernd Perplies und Christian Humberg schreiben B\u00fccher f\u00fcr gro\u00dfe und kleine Leser \u2013 mal solo und seit 2008 auch immer wieder im Duo. Wenn sie mal nicht neue Geschichten erfinden, sieht man die beiden Autoren oft in Schulen und B\u00fcchereien, auf Conventions und Buchmessen, wo sie Lesungen abhalten und aus dem beruflichen N\u00e4hk\u00e4stchen plaudern. Wer mehr \u00fcber Bernd und Christian wissen m\u00f6chte, erf\u00e4hrt es unter bernd-perplies.de und christian-humberg.de.<\/i><\/p>\n<div class='gpsr'>\n<h4>Hersteller<\/h4>\n<p><\/p>\n<p>Kraterleuchten GmbH<br \/>Gartenstr. 3, 54550 Daun, DE<br \/>+4965022028050 | <a href='mailto:gprs@kraterleuchten.com'>gprs@kraterleuchten.com<\/a><\/p>\n<\/div>\n","protected":false},"excerpt":{"rendered":"<h2>Die unheimlichen F\u00e4lle des Lucius Adler<\/h2>\n<p> <em class='urheber'>Bernd Perplies<\/em> <em class='urheber'>Christian Humberg<\/em> <\/p>\n<p class=\"book-excerpt\">\n<p class=\"book-meta\">Hardcover | 268 Seiten | 13.5 x 21 cm <br \/>ISBN  978-3-98600-017-2<br \/>1. Auflage<\/p>\n","protected":false},"featured_media":2357,"template":"","meta":[],"product_brand":[],"product_cat":[147,344,316],"product_tag":[345,346,347,348,349,350,351,352,353,354,355,356],"class_list":{"0":"post-2370","1":"product","2":"type-product","3":"status-publish","4":"has-post-thumbnail","6":"product_cat-autor","7":"product_cat-bernd-perplies","8":"product_cat-christian-humberg","9":"product_tag-baker-street","10":"product_tag-britisches-museum","11":"product_tag-detektivgeschichte","12":"product_tag-freundschaft","13":"product_tag-historisches-abenteuer","14":"product_tag-irene-adler","15":"product_tag-jugendbuch-ab-10","16":"product_tag-kinderbande","17":"product_tag-mysterium","18":"product_tag-sherlock-holmes-fuer-kinder","19":"product_tag-steampunk","20":"product_tag-viktorianisches-london","21":"pa_urheber-in-andi-bottlinger","22":"pa_urheber-in-bernd-perplies","23":"pa_urheber-in-christian-humberg","25":"first","26":"instock","27":"featured","28":"taxable","29":"shipping-taxable","30":"purchasable","31":"product-type-simple"},"_links":{"self":[{"href":"https:\/\/calderan.de\/en\/wp-json\/wp\/v2\/product\/2370","targetHints":{"allow":["GET"]}}],"collection":[{"href":"https:\/\/calderan.de\/en\/wp-json\/wp\/v2\/product"}],"about":[{"href":"https:\/\/calderan.de\/en\/wp-json\/wp\/v2\/types\/product"}],"wp:featuredmedia":[{"embeddable":true,"href":"https:\/\/calderan.de\/en\/wp-json\/wp\/v2\/media\/2357"}],"wp:attachment":[{"href":"https:\/\/calderan.de\/en\/wp-json\/wp\/v2\/media?parent=2370"}],"wp:term":[{"taxonomy":"product_brand","embeddable":true,"href":"https:\/\/calderan.de\/en\/wp-json\/wp\/v2\/product_brand?post=2370"},{"taxonomy":"product_cat","embeddable":true,"href":"https:\/\/calderan.de\/en\/wp-json\/wp\/v2\/product_cat?post=2370"},{"taxonomy":"product_tag","embeddable":true,"href":"https:\/\/calderan.de\/en\/wp-json\/wp\/v2\/product_tag?post=2370"}],"curies":[{"name":"wp","href":"https:\/\/api.w.org\/{rel}","templated":true}]}}