{"id":2345,"date":"2026-04-25T05:40:39","date_gmt":"2026-04-25T03:40:39","guid":{"rendered":"https:\/\/calderan.de\/produkt\/978-3-98600-036-3\/"},"modified":"2026-04-25T05:40:39","modified_gmt":"2026-04-25T03:40:39","slug":"978-3-98600-036-3","status":"publish","type":"product","link":"https:\/\/calderan.de\/en\/produkt\/978-3-98600-036-3\/","title":{"rendered":"Sieben Arten Dunkelheit"},"content":{"rendered":"<h2>SIEBEN ARTEN DUNKELHEIT<\/h2>\n<p><\/p>\n<h2>Vom Mut, sich der Dunkelheit zu stellen<\/h2>\n<p>Der 14-j\u00e4hrige David hat Angst vor dem Dunkeln. Er kann nicht ohne Nachtlicht schlafen, wird in der Schule gemobbt und versteckt sich in den Pausen beim Hausmeister Klandt.<br \/>\nDoch als das blinde M\u00e4dchen Ayumi \u2013 ganz in Schwarz und die Augen hinter einer Sonnenbrille verborgen \u2013 in sein Leben tritt, \u00e4ndert sich alles. Denn statt ihn auszulachen, fl\u00fcstert sie ihm zu, dass es klug ist, sich vor dem Dunkel zu f\u00fcrchten.<br \/>\nIhr Geschenk \u2013 ein Glasr\u00f6hrchen mit einer lebendigen Kreatur der Finsternis darin \u2013 wird sein Leben f\u00fcr immer ver\u00e4ndern.<\/p>\n<p>Jenseits des Lichtes er\u00f6ffnet sich David zwischen harmlosen Schattenhamstern und schrecklichen Nachtkrabbs, mattschwarz schillerndem Gefieder und schrundigen Schn\u00e4beln eine verborgene Welt.<br \/>\nUnd w\u00e4hrend er zum Nachtz\u00e4hmer wird und abseits des Lichtes ein lebendiges Universum mit eigenen Bewohnern und Gesetzen entdeckt, werden in eben jenem Dunkel die Nachtz\u00e4hmer-Geschwister Krigk und R&#8217;hee von der mystischen Insel Whaku Zeuge des Erwachens von etwas, das die Welt in ewige Finsternis st\u00fcrzen k\u00f6nnte.<br \/>\nEtwas, dem selbst die letzten verbliebenen Nachtwahrer \u2013 die wenigen Meister, die das Dunkel beherrschen \u2013 nichts entgegenzusetzen haben.<br \/>\nAm Rande der Nacht w\u00e4chst etwas heran, das es nicht geben d\u00fcrfte, gen\u00e4hrt von einem, der sich nichts sehnlicher w\u00fcnscht als eine allgegenw\u00e4rtige, ewige Finsternis, aus der heraus er herrscht.<\/p>\n<h2>Was dich in den Schatten erwartet:<\/h2>\n<p><\/p>\n<ul>\n<li>\n<h2>Verborgene Geheimnisse:<\/h2>\n<p> Entdecke die sieben Arten der Dunkelheit und was sich in ihnen verbirgt.<\/li>\n<li>\n<h2>Unglaubliche Kreaturen:<\/h2>\n<p> Von possierlichen Schattenhamstern der ersten Dunkelheit bis zu den gef\u00fcrchteten Finsterklauen der sechsten.<\/li>\n<li>\n<h2>Verborgene Welten:<\/h2>\n<p> Betrete eine Realit\u00e4t, in der die Schatten zu leben beginnen und die Wirklichkeit sich ver\u00e4ndert.<\/li>\n<li>\n<h2>Schaupl\u00e4tze:<\/h2>\n<p> Die mystische Insel Whaku mit ihren sieben H\u00f6hlen der Dunkelheit, der Nachtpalast des D\u00e4mmerflechters und die allt\u00e4gliche Schulwelt, in der David sich vor seinen Mitsch\u00fclern versteckt \u2013 verbunden durch die Dunkelheit.<\/li>\n<li>\n<h2>Mutige Charaktere:<\/h2>\n<p> Folge David, Ayumi, Krigk, R\u2019hee und den Nachtz\u00e4hmern in ihrem Kampf gegen die vielleicht dunkelste Bedrohung, die die Welt je gesehen hat.<\/li>\n<\/ul>\n<p><\/p>\n<p>Der Autor Christian von Aster erschafft eine Coming-of-Age-Geschichte, die zeigt, dass das Dunkel manchmal der Ort ist, an dem wir \u2013 mit den richtigen Freunden an unserer Seite \u2013 unser wahres Licht finden.<\/p>\n<p>F\u00fcr alle, die bereit sind, sich dem Dunkel zu stellen, eine Geschichte \u00fcber Freundschaft, Gefahr, dunkle Wunder und wilde Kreaturen zu erleben \u2013 und f\u00fcr alle, die im Dunkel keine Angst mehr haben wollen.<\/p>\n<div class='gpsr'>\n<h4>Hersteller<\/h4>\n<p><\/p>\n<p>Kraterleuchten GmbH<br \/>Gartenstr. 3, 54550 Daun, DE<br \/>+496592 202 80 50 | <a href='mailto:gpsr@kraterleuchten.com'>gpsr@kraterleuchten.com<\/a><\/p>\n<\/div>\n","protected":false},"excerpt":{"rendered":"<p> <em class='urheber'>Christian von Aster<\/em>  <\/p>\n<p class=\"book-excerpt\">\n<p class=\"book-meta\">Softcover | 312 Seiten | 13.5 x 21 cm <br \/>ISBN  978-3-98600-036-3<br \/>1. Auflage<\/p>\n","protected":false},"featured_media":2353,"template":"","meta":[],"product_brand":[],"product_cat":[147,159,46],"product_tag":[332,333,334,335,336,337,338,339,340,341,342,120],"class_list":{"0":"post-2345","1":"product","2":"type-product","3":"status-publish","4":"has-post-thumbnail","6":"product_cat-autor","7":"product_cat-christian-von-aster","8":"product_cat-e-book","9":"product_tag-angst-vor-dunkelheit-ueberwinden","10":"product_tag-aussenseiter-mit-besonderer-bestimmung","11":"product_tag-fantasy-buch-dunkelheit","12":"product_tag-fantasy-mit-blindem-maedchen","13":"product_tag-fantasy-mit-japanischen-elementen","14":"product_tag-jugendfantasy","15":"product_tag-kampf-gegen-die-dunkelheit","16":"product_tag-mobbing-und-magie","17":"product_tag-schattenwesen","18":"product_tag-selbstfindung-fantasy","19":"product_tag-stranger-things-aehnlich","20":"product_tag-urban-fantasy","21":"pa_urheber-in-andi-bottlinger","22":"pa_urheber-in-christian-von-aster","24":"first","25":"instock","26":"taxable","27":"shipping-taxable","28":"purchasable","29":"product-type-simple"},"_links":{"self":[{"href":"https:\/\/calderan.de\/en\/wp-json\/wp\/v2\/product\/2345","targetHints":{"allow":["GET"]}}],"collection":[{"href":"https:\/\/calderan.de\/en\/wp-json\/wp\/v2\/product"}],"about":[{"href":"https:\/\/calderan.de\/en\/wp-json\/wp\/v2\/types\/product"}],"wp:featuredmedia":[{"embeddable":true,"href":"https:\/\/calderan.de\/en\/wp-json\/wp\/v2\/media\/2353"}],"wp:attachment":[{"href":"https:\/\/calderan.de\/en\/wp-json\/wp\/v2\/media?parent=2345"}],"wp:term":[{"taxonomy":"product_brand","embeddable":true,"href":"https:\/\/calderan.de\/en\/wp-json\/wp\/v2\/product_brand?post=2345"},{"taxonomy":"product_cat","embeddable":true,"href":"https:\/\/calderan.de\/en\/wp-json\/wp\/v2\/product_cat?post=2345"},{"taxonomy":"product_tag","embeddable":true,"href":"https:\/\/calderan.de\/en\/wp-json\/wp\/v2\/product_tag?post=2345"}],"curies":[{"name":"wp","href":"https:\/\/api.w.org\/{rel}","templated":true}]}}