{"id":2244,"date":"2026-04-13T05:40:38","date_gmt":"2026-04-13T03:40:38","guid":{"rendered":"https:\/\/calderan.de\/produkt\/978-3-98600-012-7\/"},"modified":"2026-04-13T05:40:38","modified_gmt":"2026-04-13T03:40:38","slug":"978-3-98600-012-7","status":"publish","type":"product","link":"https:\/\/calderan.de\/en\/produkt\/978-3-98600-012-7\/","title":{"rendered":"Sorge Dich nicht, Beame!"},"content":{"rendered":"<div class='leseprobe'><a class=\"button\" href=\"https:\/\/www.book2look.de\/book\/JghcCrZkIG\" target=\"_blank\" rel=\"noopener\">Leseprobe auf book2look \u00bb<\/a><\/div>\n<p>Manche B\u00fccher behaupten, das Universum sei ein Versandhaus, in dem wir uns die Erf\u00fcllung unserer Tr\u00e4ume nur zu bestellen brauchen. Manche B\u00fccher laden uns zum angeblichen Gottgespr\u00e4ch in imagin\u00e4re Bergh\u00fctten und verkaufen Esoterik als Erkenntnis. Dies ist kein solches Buch, denn unsere Erkenntnis finden Sie auf der Br\u00fccke des Todessterns und im Maschinenraum der Enterprise \u2013 und sagen Sie selbst: Ist das nicht viel cooler? Der etwas andere Ratgeber beantwortet dem modernen Geek s\u00e4mtliche wirklich wichtigen Fragen an das Leben, das Universum und den ganzen Rest auf augenzwinkernde und dennoch fundierte Weise. Er steckt voller intergalaktisch kluger Ratschl\u00e4ge, serienjunkieerprobter Beispiele und Denkanst\u00f6\u00dfe, die Ihr Hirn gl\u00fchen lassen werden wie ein Laserschwert \u2013 nur Einh\u00f6rner und Astralreisen m\u00fcssen hier leider drau\u00dfen bleiben. Warum Ihr Geld an selbsternannte Gurus verschwenden, wenn Sie Yoda haben k\u00f6nnen und Spock, Kirk und Pille Sie alles lehren, was Sie sonst noch brauchen?<\/p>\n<p>Sorgen Sie sich nicht l\u00e4nger. Beamen Sie!<\/p>\n<h2>Vor langer Zeit in einer weit entfernten Galaxis \u2026\u2029Ein kleiner Hinweis zur Neuauflage<\/h2>\n<p>\u00bbSorge dich nicht, beame\u00ab wurde erstmals im Jahr 2012 ver\u00f6ffentlicht. Das Rad der Zeit* dreht sich allerdings unerbittlich weiter; manche der Pointen oder Referenzen von damals m\u00f6gen heute schon latent angestaubt wirken. Die Autoren haben sich entschieden, den Text f\u00fcr die vorliegende Neuauflage dennoch nicht zu ver\u00e4ndern, denn genau nach ihm haben die Leser:innen all die Jahre verlangt \u2013 dies- und jenseits der galaktischen Barriere.  \u2029. <\/p>\n<p>*An dieser Stelle ein herzlicher Gru\u00df an Rand al\u2018Thor und seine Gef\u00e4hrten.\u2029<\/p>\n<div class='gpsr'>\n<h4>Hersteller<\/h4>\n<p><\/p>\n<p>Kraterleuchten GmbH<br \/>Gartenstr. 3, 54550 Daun, DE<br \/>+496592 202 80 50 | <a href='mailto:gpsr@kraterleuchten.com'>gpsr@kraterleuchten.com<\/a><\/p>\n<\/div>\n","protected":false},"excerpt":{"rendered":"<h2>Besser leben mit Star Wars und Star Trek<\/h2>\n<p> <em class='urheber'>Andi Bottlinger<\/em> <em class='urheber'>Christian Humberg<\/em> <\/p>\n<p class=\"book-excerpt\">\n<p class=\"book-meta\">Softcover | 332 Seiten | 13.5 x 21 cm <br \/>ISBN  978-3-98600-012-7<br \/>2. Auflage<\/p>\n","protected":false},"featured_media":2239,"template":"","meta":[],"product_brand":[],"product_cat":[178,147,316,46],"product_tag":[317,318,319,320,321,322,323,324,325,326,327,328,329,330,331],"class_list":{"0":"post-2244","1":"product","2":"type-product","3":"status-publish","4":"has-post-thumbnail","6":"product_cat-andi-bottlinger","7":"product_cat-autor","8":"product_cat-christian-humberg","9":"product_cat-e-book","10":"product_tag-alltagsfragen-fuer-nerds","11":"product_tag-fandom","12":"product_tag-geek","13":"product_tag-gesellschaftskritik","14":"product_tag-humor","15":"product_tag-kirk-oder-picard","16":"product_tag-lebenshilfe","17":"product_tag-lifestyle","18":"product_tag-nerd","19":"product_tag-nerdkultur","20":"product_tag-popkultur","21":"product_tag-ratgeber","22":"product_tag-raumfahrt","23":"product_tag-sternenkrieg-und-sinnsuche","24":"product_tag-zukunft","25":"pa_urheber-in-andi-bottlinger","26":"pa_urheber-in-christian-humberg","28":"first","29":"instock","30":"taxable","31":"shipping-taxable","32":"purchasable","33":"product-type-simple"},"_links":{"self":[{"href":"https:\/\/calderan.de\/en\/wp-json\/wp\/v2\/product\/2244","targetHints":{"allow":["GET"]}}],"collection":[{"href":"https:\/\/calderan.de\/en\/wp-json\/wp\/v2\/product"}],"about":[{"href":"https:\/\/calderan.de\/en\/wp-json\/wp\/v2\/types\/product"}],"wp:featuredmedia":[{"embeddable":true,"href":"https:\/\/calderan.de\/en\/wp-json\/wp\/v2\/media\/2239"}],"wp:attachment":[{"href":"https:\/\/calderan.de\/en\/wp-json\/wp\/v2\/media?parent=2244"}],"wp:term":[{"taxonomy":"product_brand","embeddable":true,"href":"https:\/\/calderan.de\/en\/wp-json\/wp\/v2\/product_brand?post=2244"},{"taxonomy":"product_cat","embeddable":true,"href":"https:\/\/calderan.de\/en\/wp-json\/wp\/v2\/product_cat?post=2244"},{"taxonomy":"product_tag","embeddable":true,"href":"https:\/\/calderan.de\/en\/wp-json\/wp\/v2\/product_tag?post=2244"}],"curies":[{"name":"wp","href":"https:\/\/api.w.org\/{rel}","templated":true}]}}