{"id":2182,"date":"2026-05-04T05:42:37","date_gmt":"2026-05-04T03:42:37","guid":{"rendered":"https:\/\/calderan.de\/produkt\/978-3-98600-024-0\/"},"modified":"2026-05-04T05:42:37","modified_gmt":"2026-05-04T03:42:37","slug":"978-3-98600-024-0","status":"publish","type":"product","link":"https:\/\/calderan.de\/en\/produkt\/978-3-98600-024-0\/","title":{"rendered":"Die Spiegelung der Zeit"},"content":{"rendered":"<div class='leseprobe'><a class=\"button\" href=\"https:\/\/www.book2look.com\/book\/9783986000257\" target=\"_blank\" rel=\"noopener\">Leseprobe auf book2look \u00bb<\/a><\/div>\n<h2>Ein Science-Fiction-Roman voller Spannung, Mystik und emotionaler Tiefe<\/h2>\n<p>In dem Roman verwebt Prof. Dr. Ulrich C. Schreiber (Die Flucht der Ameisen) meisterhaft Elemente aus Kriminalliteratur, wissenschaftlicher Neugier und archaischer Mystik. Diese faszinierende Geschichte f\u00fchrt die Lesenden von den k\u00fchlen, nebelverhangenen W\u00e4ldern Nordkareliens bis in die vermeintliche pr\u00e4historische Vergangenheit \u2013 und zur\u00fcck.<\/p>\n<p>Kaija, eine junge Frau, die in der Abgeschiedenheit eines finnischen Bauernhofs lebt, ger\u00e4t durch eine schicksalhafte Begegnung in einen Strudel aus Schuld, Geheimnissen und Entdeckungen. W\u00e4hrend sie mit den Konsequenzen einer unvorstellbaren Tat k\u00e4mpft, entdeckt Onni Claasen, ein brillanter norddeutscher Wissenschaftler, ein Artefakt, das die Grenzen der Zeit selbst zu sprengen scheint: eine mysteri\u00f6se Vogelknochenfl\u00f6te.<\/p>\n<p>Als Onni unversehens in eine ferne Zeit geschleudert wird, muss er sich in einer brutalen, urt\u00fcmlichen Welt zurechtfinden, w\u00e4hrend Kaija versucht, ihre Gegenwart vor dem Zusammenbruch zu bewahren. Doch das Schicksal verwebt ihre Leben auf unerwartete Weise \u2013 in einer Welt, in der Vergangenheit, Gegenwart und Zukunft im Spiegel der Zeit miteinander verbunden sind.<\/p>\n<p>Eine Geschichte \u00fcber die Macht der Zeit, die R\u00e4tsel der Menschheit und die Frage, wie weit wir gehen w\u00fcrden, um unsere eigene Realit\u00e4t zu sch\u00fctzen.<\/p>\n<p> \u2022 Atmosph\u00e4risch, d\u00fcster und emotional: F\u00fcr Fans von Geschichten mit Tiefgang und Spannung<br \/>\n \u2022 Verbindet Science-Fiction mit arch\u00e4ologischer Mystik und Krimi-Elementen<br \/>\n \u2022 Ein Roman \u00fcber Schuld, Liebe und die Zerbrechlichkeit der Zeit<\/p>\n<p>Ein packender Roman, der bis zur letzten Seite fesselt.<\/p>\n<h4 class='autorbio'>Ulrich C. Schreiber<\/h4>\n<p><i>Ulrich C. Schreiber, geboren 1956, studierte Geologie, Chemie und Geochemie und war Professor f\u00fcr Allgemeine Geologie an der Universit\u00e4t Duisburg-Essen. Dort forschte er an der regionalen Geologie Mitteleuropas, Vulkanismus und Tektonik sowie der Geo\u00f6kologie. Mit \u00bbDie Flucht der Ameisen\u00ab ver\u00f6ffentlichte er seinen ersten Roman, der direkt zum Bestseller wurde. Das Buch basiert auf der Rolle von Ameisen als Indikatoren f\u00fcr geologische Bruchstrukturen, die er als Erster wissenschaftlich untersuchte.<\/i><\/p>\n<div class='gpsr'>\n<h4>Hersteller<\/h4>\n<p><\/p>\n<p>Kraterleuchten GmbH<br \/>Gartenstra\u00dfe 3, 54550 Daun, DE<br \/>+49 6592 202 80 50 | <a href='mailto:gpsr@kraterleuchten.com'>gpsr@kraterleuchten.com<\/a><\/p>\n<\/div>\n","protected":false},"excerpt":{"rendered":"<h2>Science-Fiction-Roman<\/h2>\n<p> <em class='urheber'>Ulrich C. Schreiber<\/em>  <\/p>\n<p class=\"book-excerpt\">\n<p class=\"book-meta\">Softcover | 400 Seiten | 13.5 x 21 cm <br \/>ISBN  978-3-98600-024-0<br \/>1. Auflage<\/p>\n","protected":false},"featured_media":2201,"template":"","meta":[],"product_brand":[],"product_cat":[147,46,243],"product_tag":[306,307,308,309,310,311,312,313,314,174],"class_list":{"0":"post-2182","1":"product","2":"type-product","3":"status-publish","4":"has-post-thumbnail","6":"product_cat-autor","7":"product_cat-e-book","8":"product_cat-ulrich-c-schreiber","9":"product_tag-kosmische-geheimnisse","10":"product_tag-mystery-science-fiction","11":"product_tag-parallelwelten","12":"product_tag-quantenphysik","13":"product_tag-raum-und-zeit","14":"product_tag-science-fiction","15":"product_tag-spiegelwelt","16":"product_tag-zeitparadoxon","17":"product_tag-zeitreise","18":"product_tag-zukunftsvisionen","19":"pa_urheber-in-andi-bottlinger","20":"pa_urheber-in-ulrich-c-schreiber","22":"first","23":"instock","24":"taxable","25":"shipping-taxable","26":"purchasable","27":"product-type-simple"},"_links":{"self":[{"href":"https:\/\/calderan.de\/en\/wp-json\/wp\/v2\/product\/2182","targetHints":{"allow":["GET"]}}],"collection":[{"href":"https:\/\/calderan.de\/en\/wp-json\/wp\/v2\/product"}],"about":[{"href":"https:\/\/calderan.de\/en\/wp-json\/wp\/v2\/types\/product"}],"wp:featuredmedia":[{"embeddable":true,"href":"https:\/\/calderan.de\/en\/wp-json\/wp\/v2\/media\/2201"}],"wp:attachment":[{"href":"https:\/\/calderan.de\/en\/wp-json\/wp\/v2\/media?parent=2182"}],"wp:term":[{"taxonomy":"product_brand","embeddable":true,"href":"https:\/\/calderan.de\/en\/wp-json\/wp\/v2\/product_brand?post=2182"},{"taxonomy":"product_cat","embeddable":true,"href":"https:\/\/calderan.de\/en\/wp-json\/wp\/v2\/product_cat?post=2182"},{"taxonomy":"product_tag","embeddable":true,"href":"https:\/\/calderan.de\/en\/wp-json\/wp\/v2\/product_tag?post=2182"}],"curies":[{"name":"wp","href":"https:\/\/api.w.org\/{rel}","templated":true}]}}