{"id":1602,"date":"2026-04-19T05:40:08","date_gmt":"2026-04-19T03:40:08","guid":{"rendered":"https:\/\/calderan.de\/produkt\/978-3-98600-028-8\/"},"modified":"2026-04-19T05:40:08","modified_gmt":"2026-04-19T03:40:08","slug":"978-3-98600-028-8","status":"publish","type":"product","link":"https:\/\/calderan.de\/en\/produkt\/978-3-98600-028-8\/","title":{"rendered":"Suna Valo"},"content":{"rendered":"<h2>Suna Valo \u2013 Ein Solarpunk-Roman aus der Welt von \u00bbOvergrown\u00ab<\/h2>\n<p>In einer Zukunft, in der die Erde sich von den Wunden erholt, die ihr einst von der Menschheit zugef\u00fcgt wurden, haben sich kleine Gemeinschaften in abgelegene T\u00e4ler zur\u00fcckgezogen, um im Einklang mit der Natur zu leben. Lassia geh\u00f6rt zu den Bewohnern von Suna Valo, einem paradiesischen Ort, der sich durch seine \u00fcppige Vegetation und friedliche Atmosph\u00e4re auszeichnet. Unterst\u00fctzt durch fortschrittliche Feldbots, die die Gemeinschaft bei der Arbeit auf den Feldern entlasten, scheint das Leben hier harmonisch und sicher.<\/p>\n<p>Doch diese Harmonie wird pl\u00f6tzlich bedroht, als die Maschinen, auf die sich die Gemeinschaft so sehr verl\u00e4sst, unberechenbar werden. Die Feldbots, die einst als Helfer in der Not galten, beginnen zu versagen und werden zur Gefahr f\u00fcr die Menschen. Die Ernte, die das \u00dcberleben der Gemeinschaft sichern soll, steht auf dem Spiel, und mit ihr die Zukunft von Suna Valo.<\/p>\n<p>Lassia sieht sich mit einer doppelten Herausforderung konfrontiert: Einerseits muss sie die technischen Probleme der Maschinen l\u00f6sen, andererseits die Spannungen in der Gemeinschaft bew\u00e4ltigen, die durch die Krise verst\u00e4rkt werden. W\u00e4hrend sie versucht, das R\u00e4tsel um die Fehlfunktionen der Bots zu l\u00f6sen, wird sie mit tiefgreifenden Fragen nach der Rolle der Technologie, der Verantwortung des Menschen gegen\u00fcber der Natur und der M\u00f6glichkeit einer nachhaltigen Zukunft konfrontiert.<\/p>\n<p>Suna Valo ist nicht nur eine fesselnde Geschichte \u00fcber das \u00dcberleben in einer sich regenerierenden Welt, sondern auch eine Reflexion \u00fcber die Grenzen des menschlichen Fortschritts und die Bedeutung des Zusammenhalts in schwierigen Zeiten. Der Roman l\u00e4dt die Leser:innen ein, \u00fcber die M\u00f6glichkeiten und Gefahren nachzudenken, die mit einer technologisch fortschrittlichen, aber zugleich \u00f6kologisch ausgerichteten Lebensweise einhergehen.<\/p>\n<p>Erlebe die die spannende Geschichte von Lassia und ihrer Gemeinschaft, die sich den Herausforderungen einer neuen Welt stellen m\u00fcssen.<\/p>\n<h2>Suna Valo &#8211; Das Brettpiel<\/h2>\n<p>\nIn \u00bbSuna Valo\u00ab, einem komplexen Spiel f\u00fcr 2 Personen von \u00bbode.\u00ab, \u00fcbernehmen zwei Personen die Aufgabe, in der Solarpunk-Welt von \u00bbOvergrown\u00ab ihre eigene Farm zu gr\u00fcnden. Im idyllischen Tal von Suna Valo, am Fu\u00dfe eines Berges und durchzogen von einem breiten Fluss, befindet sich das Dorf Foriro \u2013 ein Ort f\u00fcr neue Anf\u00e4nge. Die Spielenden kultivieren Felder, sammeln Ressourcen und liefern Waren ins Dorf, um ihre Farm zu erweitern.<\/p>\n<p>Durch einen innovativen Kaufmechanismus sichern sich die Spieler Karten, die ihre Farm wachsen lassen, w\u00e4hrend sie ihre Flotte an Transportdrohnen ausbauen. Nach drei Spielrunden gewinnt derjenige, der am meisten zur Entwicklung von Foriro beigetragen hat.<\/p>\n<div class='gpsr'>\n<h4>Hersteller<\/h4>\n<p><\/p>\n<p>Kraterleuchten GmbH<br \/>Gartenstra\u00dfe 3, 54550 Daun, DE<br \/>+49 6592 202 80 50 | <a href='mailto:gpsr@kraterleuchten.com'>gpsr@kraterleuchten.com<\/a><\/p>\n<\/div>\n","protected":false},"excerpt":{"rendered":"<h2>Eine Solarpunk-Roman in der Welt von \u00bbOvergrown\u00ab<\/h2>\n<p> <em class='urheber'>Andi Bottlinger<\/em> <em class='urheber'>Vorwort von Christian von Aster<\/em> <em class='urheber'>Laura D\u00fcmpelfeld<\/em><\/p>\n<p class=\"book-excerpt\">\n<p class=\"book-meta\">Hardcover | 204 Seiten | 13.5 x 21 cm <br \/>ISBN  978-3-98600-028-8<br \/>1. Auflage<\/p>\n","protected":false},"featured_media":2076,"template":"","meta":[],"product_brand":[],"product_cat":[178,147,159,46,275],"product_tag":[162,163,164,165,166,167,168,170,287,172,173,174],"class_list":{"0":"post-1602","1":"product","2":"type-product","3":"status-publish","4":"has-post-thumbnail","6":"product_cat-andi-bottlinger","7":"product_cat-autor","8":"product_cat-christian-von-aster","9":"product_cat-e-book","10":"product_cat-laura-duempelfeld","11":"product_tag-baeume-als-lebensretter","12":"product_tag-forschung-und-entdeckung-neuer-pflanzenarten","13":"product_tag-gemeinschaft-und-zusammenhalt","14":"product_tag-hoffnungsvolle-geschichten","15":"product_tag-leben-im-einklang-mit-der-natur","16":"product_tag-nachhaltige-technologien","17":"product_tag-oekosystem","18":"product_tag-solarpunk","19":"product_tag-suna-valo-brettspiel","20":"product_tag-ueberlebenskampf","21":"product_tag-utopie","22":"product_tag-zukunftsvisionen","23":"pa_urheber-in-andi-bottlinger","24":"pa_urheber-in-christian-von-aster","25":"pa_urheber-in-laura-duempelfeld","27":"first","28":"instock","29":"taxable","30":"shipping-taxable","31":"purchasable","32":"product-type-simple"},"_links":{"self":[{"href":"https:\/\/calderan.de\/en\/wp-json\/wp\/v2\/product\/1602","targetHints":{"allow":["GET"]}}],"collection":[{"href":"https:\/\/calderan.de\/en\/wp-json\/wp\/v2\/product"}],"about":[{"href":"https:\/\/calderan.de\/en\/wp-json\/wp\/v2\/types\/product"}],"wp:featuredmedia":[{"embeddable":true,"href":"https:\/\/calderan.de\/en\/wp-json\/wp\/v2\/media\/2076"}],"wp:attachment":[{"href":"https:\/\/calderan.de\/en\/wp-json\/wp\/v2\/media?parent=1602"}],"wp:term":[{"taxonomy":"product_brand","embeddable":true,"href":"https:\/\/calderan.de\/en\/wp-json\/wp\/v2\/product_brand?post=1602"},{"taxonomy":"product_cat","embeddable":true,"href":"https:\/\/calderan.de\/en\/wp-json\/wp\/v2\/product_cat?post=1602"},{"taxonomy":"product_tag","embeddable":true,"href":"https:\/\/calderan.de\/en\/wp-json\/wp\/v2\/product_tag?post=1602"}],"curies":[{"name":"wp","href":"https:\/\/api.w.org\/{rel}","templated":true}]}}