{"id":1488,"date":"2026-05-15T05:42:34","date_gmt":"2026-05-15T03:42:34","guid":{"rendered":"https:\/\/calderan.de\/produkt\/978-3-98600-015-8\/"},"modified":"2026-05-15T05:42:34","modified_gmt":"2026-05-15T03:42:34","slug":"978-3-98600-015-8","status":"publish","type":"product","link":"https:\/\/calderan.de\/en\/produkt\/978-3-98600-015-8\/","title":{"rendered":"Der Spiegelorden"},"content":{"rendered":"<div class='leseprobe'><a class=\"button\" href=\"https:\/\/www.book2look.com\/book\/9783986000158\" target=\"_blank\" rel=\"noopener\">Leseprobe auf book2look \u00bb<\/a><\/div>\n<p><i>Begeisternde High Fantasy mit \u00fcberraschenden Wendungen<\/i><\/p>\n<h2>In einer Welt, in der das Schicksal eines ganzen Landes in den H\u00e4nden eines Kindes ruht, beginnt eine uralte Prophezeiung, sich auf unerwartete Weise zu entfalten \u2026<\/h2>\n<p>\nAls das Land Gerien von dem selbsternannten Weltherrscher Arandes erobert wird, scheint es nur eine Hoffnung f\u00fcr die Bev\u00f6lkerung zu geben: Das kleine M\u00e4dchen Nauri, die Wiedergeburt der m\u00e4chtigen Magierin Nauranda. Doch ist es wirklich fair, das Schicksal eines Landes auf die Schultern eines Kindes zu legen? Sollte es f\u00fcr Gerien nicht eine andere M\u00f6glichkeit der Befreiung geben als eine uralte Prophezeiung?<\/p>\n<p>Der k\u00f6nigliche Leibw\u00e4chter und Attent\u00e4ter Darien sieht die L\u00f6sung seiner Probleme nicht darin, sich so lange mit dem M\u00e4dchen zu verstecken, bis es sein volles Potential entfaltet. Auch sein widerwilliger Verb\u00fcndeter, der ehrenhafte Hochlandkrieger Bjoron, ist eher f\u00fcr direkte Taten zu haben. Und Berinda \u2013 die junge K\u00f6nigin Geriens und Nauris Schwester \u2013 hat die Wahl: Entweder sie stirbt in Arandes\u2019 Kerker oder ihr f\u00e4llt bald ein kluger Plan ein.<\/p>\n<p>W\u00e4hrend alle drei darum k\u00e4mpfen, ihren eigenen Weg zu finden, holt sie die Prophezeiung um Nauranda doch ein \u2013 allerdings auf eine Art, mit der niemand gerechnet hat.<\/p>\n<div class='gpsr'>\n<h4>Hersteller<\/h4>\n<p><\/p>\n<p>Kraterleuchten GmbH<br \/>Gartenstra\u00dfe 3, 54550 Daun, DE<br \/>+49 6592 202 80 50 | <a href='mailto:gpsr@kraterleuchten.com'>gpsr@kraterleuchten.com<\/a><\/p>\n<\/div>\n","protected":false},"excerpt":{"rendered":"<p> <em class='urheber'>Andi Bottlinger<\/em>  <\/p>\n<p class=\"book-excerpt\">\n<p class=\"book-meta\">Buch | 392 Seiten | 13.5 x 21.5 cm <br \/>ISBN  978-3-98600-015-8<br \/>1. Auflage<\/p>\n","protected":false},"featured_media":1492,"template":"","meta":[],"product_brand":[],"product_cat":[178,147,46],"product_tag":[219,220,221,222,223,224,225,226,40,227,228,229,230,231,232,233,234,235,236,237],"class_list":{"0":"post-1488","1":"product","2":"type-product","3":"status-publish","4":"has-post-thumbnail","6":"product_cat-andi-bottlinger","7":"product_cat-autor","8":"product_cat-e-book","9":"product_tag-abenteuer","10":"product_tag-alter-mythos","11":"product_tag-attentaeter","12":"product_tag-befreiung","13":"product_tag-dunkle-maechte","14":"product_tag-ehre-und-verrat","15":"product_tag-epische-schlacht","16":"product_tag-fantastische-welten","17":"product_tag-fantasy","18":"product_tag-geheime-magie","19":"product_tag-hochlandkrieger","20":"product_tag-koenigin","21":"product_tag-leibwaechter","22":"product_tag-magierin","23":"product_tag-mut-und-opferbereitschaft","24":"product_tag-prophezeihung","25":"product_tag-schicksal","26":"product_tag-tyrannensturz","27":"product_tag-weltherrscher","28":"product_tag-wiedergeburt","29":"pa_urheber-in-andi-bottlinger","31":"first","32":"instock","33":"taxable","34":"shipping-taxable","35":"purchasable","36":"product-type-simple"},"_links":{"self":[{"href":"https:\/\/calderan.de\/en\/wp-json\/wp\/v2\/product\/1488","targetHints":{"allow":["GET"]}}],"collection":[{"href":"https:\/\/calderan.de\/en\/wp-json\/wp\/v2\/product"}],"about":[{"href":"https:\/\/calderan.de\/en\/wp-json\/wp\/v2\/types\/product"}],"wp:featuredmedia":[{"embeddable":true,"href":"https:\/\/calderan.de\/en\/wp-json\/wp\/v2\/media\/1492"}],"wp:attachment":[{"href":"https:\/\/calderan.de\/en\/wp-json\/wp\/v2\/media?parent=1488"}],"wp:term":[{"taxonomy":"product_brand","embeddable":true,"href":"https:\/\/calderan.de\/en\/wp-json\/wp\/v2\/product_brand?post=1488"},{"taxonomy":"product_cat","embeddable":true,"href":"https:\/\/calderan.de\/en\/wp-json\/wp\/v2\/product_cat?post=1488"},{"taxonomy":"product_tag","embeddable":true,"href":"https:\/\/calderan.de\/en\/wp-json\/wp\/v2\/product_tag?post=1488"}],"curies":[{"name":"wp","href":"https:\/\/api.w.org\/{rel}","templated":true}]}}