{"id":1000,"date":"2026-04-19T05:40:07","date_gmt":"2026-04-19T03:40:07","guid":{"rendered":"https:\/\/calderan.de\/produkt\/4260617191256\/"},"modified":"2026-04-19T05:40:07","modified_gmt":"2026-04-19T03:40:07","slug":"4260617191256","status":"publish","type":"product","link":"https:\/\/calderan.de\/en\/produkt\/4260617191256\/","title":{"rendered":"Tinderblox \u2013 am Lagerfeuer \u2013 Geschicklichkeitsspiel (DE)"},"content":{"rendered":"<h2>Tinderblox (DE) &#8211; Der Bestseller aus England endlich in einer deutschen Edition.<\/h2>\n<p>\nVerbrenn Dir nicht die Finger! Wer baut das gr\u00f6\u00dfte Lagerfeuer? Ein kurzweiliges Geschicklichkeitsspiel f\u00fcr die ganze Familie. <\/p>\n<p>Ein lustiges Geschicklichkeitsspiel im Minzdosenformat, das die ganze Familie liebt, wartet auf euch! Tinderblox versetzt die Spielenden in eine Lagerfeuer-Situation, in der jeder versucht, das Feuer zu vergr\u00f6\u00dfern! Aber aufgepasst! Wer die Bl\u00f6cke falsch platziert, riskiert, das Lager abzufackeln!<br \/>\nIn jeder Runde ziehen die Spielenden eine Karte vom Lagerfeuerstapel. Die Karte weist sie an, ein Holzscheit, einen Feuerblock oder eine beliebige Kombination aus beidem (oder mehr) in verschiedenen Ausrichtungen auf das Lagerfeuer zu legen. Die Spielenden benutzen eine Pinzette, um in einem gemeinsamen Feld \u00bbmit dem Feuer zu spielen\u00ab.  Wenn alle Teile zusammengesetzt sind, muss man diese mit der Pinzette vorsichtig auf das Lagerfeuer legen!<br \/>\nDer Spieler, der am vorsichtigsten mit dem Feuer umgeht, gewinnt!<\/p>\n<p>Tinderblox (Deutsche Ausgabe)<br \/>\nDesigner: Rob Sparks, K\u00fcnstler: Rory Muldoon, Herausgeber: Alley Cat Games<br \/>\nDeutsche Ausgabe \u2013 Verlag: The Game Builders, Vertrieb: Calderan<\/p>\n<div class='gpsr'>\n<h4>Hersteller<\/h4>\n<p><\/p>\n<p>The Game Builders Hanson &#038; Odendahl GbR<br \/>Ostendorf 7, 48612 Horstmar, DE<br \/><a href='mailto:info@gamebuilders.de'>info@gamebuilders.de<\/a><\/p>\n<\/div>\n<div class='gpsr_icon'><img src='https:\/\/calderan.de\/wp-content\/themes\/calderan\/images\/0-3_sign.svg'><img src='https:\/\/calderan.de\/wp-content\/themes\/calderan\/images\/CE.svg'><\/div>\n","protected":false},"excerpt":{"rendered":"<h2>Das internationale Erfolgsspiel von Alley Cat Games als deutsche Edition.<\/h2>\n<p> <em class='urheber'>Rob Sparks<\/em> <em class='urheber'>Illustriert von Rory Muldoon<\/em> <em class='urheber'>Herausgegeben von  The Game Builders<\/em><\/p>\n<p>Ein Spiel von <a href='https:\/\/gamebuilders.de' target='_blank'>The Game Builders<\/a><\/p>\n<p class=\"book-excerpt\">\n<p class=\"book-meta\">Spiel | 6.4 x 9.4 cm <br \/>EAN  4260617191256<br \/>1. Auflage<\/p>\n<p class='verfuegbarkeit'>Vor\u00fcbergehend nicht lieferbar<\/p>\n","protected":false},"featured_media":673,"template":"","meta":[],"product_brand":[],"product_cat":[147,181,182,153],"product_tag":[66,67,183,57,70,71,72,74,75],"class_list":{"0":"post-1000","1":"product","2":"type-product","3":"status-publish","4":"has-post-thumbnail","6":"product_cat-autor","7":"product_cat-rob-sparks","8":"product_cat-rory-muldoon","9":"product_cat-the-game-builders","10":"product_tag-brettspiel","11":"product_tag-familienspiel","12":"product_tag-geschicklichkeitsspiel","13":"product_tag-legespiel","14":"product_tag-mehrpersonenspiel","15":"product_tag-puzzle","16":"product_tag-puzzlemechanismus","17":"product_tag-solospiel","18":"product_tag-streuobstwiese","19":"pa_urheber-in-rob-sparks","20":"pa_urheber-in-rory-muldoon","21":"pa_urheber-in-the-game-builders","23":"first","24":"outofstock","25":"taxable","26":"shipping-taxable","27":"purchasable","28":"product-type-simple"},"_links":{"self":[{"href":"https:\/\/calderan.de\/en\/wp-json\/wp\/v2\/product\/1000","targetHints":{"allow":["GET"]}}],"collection":[{"href":"https:\/\/calderan.de\/en\/wp-json\/wp\/v2\/product"}],"about":[{"href":"https:\/\/calderan.de\/en\/wp-json\/wp\/v2\/types\/product"}],"wp:featuredmedia":[{"embeddable":true,"href":"https:\/\/calderan.de\/en\/wp-json\/wp\/v2\/media\/673"}],"wp:attachment":[{"href":"https:\/\/calderan.de\/en\/wp-json\/wp\/v2\/media?parent=1000"}],"wp:term":[{"taxonomy":"product_brand","embeddable":true,"href":"https:\/\/calderan.de\/en\/wp-json\/wp\/v2\/product_brand?post=1000"},{"taxonomy":"product_cat","embeddable":true,"href":"https:\/\/calderan.de\/en\/wp-json\/wp\/v2\/product_cat?post=1000"},{"taxonomy":"product_tag","embeddable":true,"href":"https:\/\/calderan.de\/en\/wp-json\/wp\/v2\/product_tag?post=1000"}],"curies":[{"name":"wp","href":"https:\/\/api.w.org\/{rel}","templated":true}]}}