{"id":149,"date":"2021-09-16T12:26:37","date_gmt":"2021-09-16T10:26:37","guid":{"rendered":"https:\/\/calderan.de\/?page_id=149"},"modified":"2022-08-31T15:56:24","modified_gmt":"2022-08-31T13:56:24","slug":"serera-erstes-buch-die-zwei-welten","status":"publish","type":"page","link":"https:\/\/calderan.de\/en\/serera-erstes-buch-die-zwei-welten\/","title":{"rendered":"Serera \u2013 Erstes Buch: Die zwei Welten"},"content":{"rendered":"\n<div class=\"wp-block-columns is-layout-flex wp-container-core-columns-is-layout-9d6595d7 wp-block-columns-is-layout-flex\">\n<div class=\"wp-block-column is-layout-flow wp-block-column-is-layout-flow\">\n<figure class=\"wp-block-image size-full\"><img loading=\"lazy\" decoding=\"async\" width=\"1000\" height=\"1000\" src=\"https:\/\/calderan.de\/wp-content\/uploads\/978-3-98600-666-2.png\" alt=\"Serera \u2013 Erstes Buch: Die zwei Welten\" class=\"wp-image-288\" srcset=\"https:\/\/calderan.de\/wp-content\/uploads\/978-3-98600-666-2.png 1000w, https:\/\/calderan.de\/wp-content\/uploads\/978-3-98600-666-2-300x300.png 300w, https:\/\/calderan.de\/wp-content\/uploads\/978-3-98600-666-2-150x150.png 150w, https:\/\/calderan.de\/wp-content\/uploads\/978-3-98600-666-2-768x768.png 768w, https:\/\/calderan.de\/wp-content\/uploads\/978-3-98600-666-2-350x350.png 350w, https:\/\/calderan.de\/wp-content\/uploads\/978-3-98600-666-2-750x750.png 750w, https:\/\/calderan.de\/wp-content\/uploads\/978-3-98600-666-2-100x100.png 100w\" sizes=\"auto, (max-width: 1000px) 100vw, 1000px\" \/><\/figure>\n<\/div>\n\n\n\n<div class=\"wp-block-column is-vertically-aligned-center book-teaser is-layout-flow wp-block-column-is-layout-flow\">\n<h2 class=\"wp-block-heading\">Das neue gro\u00dfe Fantasy-Epos!<\/h2>\n\n\n\n<p>832 Seiten atemberaubende Unterhaltung in edler Ausstattung<\/p>\n\n\n\n<form class=\"cart\" action=\"\" method=\"post\" enctype=\"multipart\/form-data\">\n\t<button type=\"submit\" name=\"add-to-cart\" value=\"40\" class=\"single_add_to_cart_button button alt\">Ab in den Warenkorb!<\/button>\n<\/form>\n<\/div>\n<\/div>\n\n\n\n<div class=\"wp-block-columns is-layout-flex wp-container-core-columns-is-layout-9d6595d7 wp-block-columns-is-layout-flex\">\n<div class=\"wp-block-column is-vertically-aligned-center is-layout-flow wp-block-column-is-layout-flow\">\n<p class=\"lyric\">Warum vermachen<br>Das Buch wir dir?<br>Warum verscharren<br>Wir tief es nicht?<br>Warum ist mir<br>Mein Wissen schier<br>Zur Hand entwischt<br>Statt zahm zu harren?<\/p>\n<\/div>\n\n\n\n<div class=\"wp-block-column is-layout-flow wp-block-column-is-layout-flow\">\n<h2 class=\"wp-block-heading\">Die Menschheit steht vor dem Untergang \u2026<\/h2>\n\n\n\n<p>All unser Denken und Tun hinterl\u00e4sst Spuren. Nicht nur in unserer Welt, sondern auch in Serera, jener geheimnisvollen Parallelwelt, in der unsere Gedanken und Handlungen zu lebendigen Wesen werden.<\/p>\n\n\n\n<p>Einst ein traumhafter Ort mit fruchtbaren Feldern und eintr\u00e4chtig lebenden Gemeinschaften, dringen in Serera heute mitleidlos mordende Kreaturen vor. Sie alle dienen dem Einen oder Seelenlosen, der seinem Ziel stetig n\u00e4her kommt: der Vernichtung beider Welten. Die friedlichen V\u00f6lker Sereras m\u00fcssen sich auf den Krieg vorbereiten, aber viele Menschen sind sich uneins oder unerfahren im Kampf.<\/p>\n<\/div>\n<\/div>\n\n\n\n<div class=\"wp-block-columns is-layout-flex wp-container-core-columns-is-layout-9d6595d7 wp-block-columns-is-layout-flex\">\n<div class=\"wp-block-column is-vertically-aligned-center centered is-layout-flow wp-block-column-is-layout-flow\">\n<p class=\"has-text-align-left attentioner\"><a href=\"https:\/\/calderan.de\/wp-content\/uploads\/978-3-98600-666-2_lp.pdf\" target=\"_blank\" data-type=\"URL\" data-id=\"https:\/\/calderan.de\/wp-content\/uploads\/978-3-98600-666-2_lp.pdf\" rel=\"noreferrer noopener\">Lies rein!<\/a><\/p>\n<\/div>\n\n\n\n<div class=\"wp-block-column is-layout-flow wp-block-column-is-layout-flow\">\n<h2 class=\"wp-block-heading\">\u2026 und alle schauen auf Robin<\/h2>\n\n\n\n<p>Ganz woanders hat der Jugendliche Robin Grimm seine eigenen Probleme: Im dauernden Streit mit seinem Vater will er von zu Hause weglaufen \u2013 da f\u00e4llt ihm ein seltsamer Schl\u00fcssel in die Hand, der ihm das Tor nach Serera \u00f6ffnet.<\/p>\n\n\n\n<p>Sch\u00f6n ist die Natur Sereras und freundlich die Menschen, die dort leben \u2013 doch schrecklich ist der Schatten, der sich ausbreitet. Eigentlich will Robin nur seine Ruhe. Aber er hat den Schl\u00fcssel nach Serera gebracht \u2013 und dies kann ungeahnte, weitreichende Folgen haben. Robin befindet sich pl\u00f6tzlich im Zentrum der Gefahren.<\/p>\n<\/div>\n<\/div>\n\n\n\n<p class=\"biglyric flicker\">Eines muss enden \u2013 Wahn oder Welt<\/p>\n\n\n\n<div class=\"wp-block-columns is-layout-flex wp-container-core-columns-is-layout-9d6595d7 wp-block-columns-is-layout-flex\">\n<div class=\"wp-block-column is-layout-flow wp-block-column-is-layout-flow\">\n<p class=\"lyric\">Ihn zu bewachen<br>Mit ihm wir geh\u2019n<br>Bar Zaubersachen<br>Die Welt verbleibt<br>Wir Magier fleh\u2019n<br>Dass sie lernt seh\u2019n<br>Nicht blind fort treibt<br>Uns macht zu Narren<\/p>\n<\/div>\n\n\n\n<div class=\"wp-block-column is-layout-flow wp-block-column-is-layout-flow\">\n<h2 class=\"wp-block-heading\">Raffiniert, originell, packend<\/h2>\n\n\n\n<p>In einem raffinierten Spiel aus wechselnden Perspektiven erz\u00e4hlt Bruno Hof von einem magischen Utopia, das sich einem scheinbar unbesiegbaren Feind gegen\u00fcbersieht: dem ewigen Drang der Mensch\u00adheit, sich selbst zu vernichten. Serera \u2013 die zwei Welten ist sein mit\u00adrei\u00dfendes Deb\u00fct, das fesselt durch eine originelle, packende Grund\u00adidee und einen Plot, an dem Fantasy-Fans jeder Generation ihre helle Freude haben werden.<\/p>\n\n\n\n<p>Mit seiner ausdrucksvollen Sprache zieht der Subgenre-\u00fcber\u00adgrei\u00adfende Roman den Leser in eine andere Welt, ohne je den Bezug zu unserer Welt zu verlieren. So wird er zudem viele Freunde anderer Spielarten der Spannungsliteratur begeistern. Eine atem\u00adberaubende Reise f\u00fcr Leserinnen und Leser ab 16 Jahre!<\/p>\n<\/div>\n<\/div>\n\n\n\n<div class=\"wp-block-group author\"><div class=\"wp-block-group__inner-container is-layout-flow wp-block-group-is-layout-flow\">\n<figure class=\"wp-block-image size-full\"><img loading=\"lazy\" decoding=\"async\" width=\"500\" height=\"500\" src=\"https:\/\/calderan.de\/wp-content\/uploads\/bruno_hof.jpg\" alt=\"Bruno Hof\" class=\"wp-image-230\" srcset=\"https:\/\/calderan.de\/wp-content\/uploads\/bruno_hof.jpg 500w, https:\/\/calderan.de\/wp-content\/uploads\/bruno_hof-300x300.jpg 300w, https:\/\/calderan.de\/wp-content\/uploads\/bruno_hof-150x150.jpg 150w, https:\/\/calderan.de\/wp-content\/uploads\/bruno_hof-350x350.jpg 350w, https:\/\/calderan.de\/wp-content\/uploads\/bruno_hof-100x100.jpg 100w\" sizes=\"auto, (max-width: 500px) 100vw, 500px\" \/><\/figure>\n\n\n\n<h2 class=\"wp-block-heading\">Bruno Hof,<\/h2>\n\n\n\n<p>Jahrgang 1962, war zun\u00e4chst Buchh\u00e4ndler, bevor er in das Verlagswesen wechselte. Er verlegte u.\u202fa. erfolgreich Buch\u00adreihen mit Horror- und Fantasy-Werken. Nach langj\u00e4hriger Programmarbeit ent\u00adschloss er sich, sein eigenes Roman\u00adkonzept auszuarbeiten. Es ergab sich eine auf zwei B\u00fccher angelegte Erz\u00e4hlung um eine Welt ohne Seele, die gegen sich selbst gerichtete Kr\u00e4fte erschafft. Das erste Buch Serera. Die zwei Welten liegt nun vor, der zweite Band Serera. Die zwei Kriege wird folgen. Hof ist Vater dreier Kinder; der leiden\u00adschaftliche Heavy-Metal-Fan wohnt im Rheinland in der N\u00e4he von K\u00f6ln.<\/p>\n<\/div><\/div>\n\n\n\n<figure class=\"wp-block-embed is-type-video is-provider-youtube wp-block-embed-youtube wp-embed-aspect-16-9 wp-has-aspect-ratio\"><div class=\"wp-block-embed__wrapper\">\n<iframe loading=\"lazy\" title=\"Bruno Hof liest Serera \u2013 Die zwei Welten | Autorenlesung | Calderan\" width=\"500\" height=\"281\" src=\"https:\/\/www.youtube.com\/embed\/BBwaIEdO5k4?feature=oembed\" frameborder=\"0\" allow=\"accelerometer; autoplay; clipboard-write; encrypted-media; gyroscope; picture-in-picture; web-share\" referrerpolicy=\"strict-origin-when-cross-origin\" allowfullscreen><\/iframe>\n<\/div><\/figure>\n\n\n\n<div class=\"wp-block-columns single-product sans is-layout-flex wp-container-core-columns-is-layout-9d6595d7 wp-block-columns-is-layout-flex\">\n<div class=\"wp-block-column is-vertically-aligned-center is-layout-flow wp-block-column-is-layout-flow\">\n<figure class=\"wp-block-image size-full\"><img loading=\"lazy\" decoding=\"async\" width=\"1000\" height=\"1000\" src=\"https:\/\/calderan.de\/wp-content\/uploads\/978-3-98600-666-2_3D.png\" alt=\"Serera \u2013 Erstes Buch: Die zwei Welten\" class=\"wp-image-287\" srcset=\"https:\/\/calderan.de\/wp-content\/uploads\/978-3-98600-666-2_3D.png 1000w, https:\/\/calderan.de\/wp-content\/uploads\/978-3-98600-666-2_3D-300x300.png 300w, https:\/\/calderan.de\/wp-content\/uploads\/978-3-98600-666-2_3D-150x150.png 150w, https:\/\/calderan.de\/wp-content\/uploads\/978-3-98600-666-2_3D-768x768.png 768w, https:\/\/calderan.de\/wp-content\/uploads\/978-3-98600-666-2_3D-350x350.png 350w, https:\/\/calderan.de\/wp-content\/uploads\/978-3-98600-666-2_3D-750x750.png 750w, https:\/\/calderan.de\/wp-content\/uploads\/978-3-98600-666-2_3D-100x100.png 100w\" sizes=\"auto, (max-width: 1000px) 100vw, 1000px\" \/><\/figure>\n<\/div>\n\n\n\n<div class=\"wp-block-column is-vertically-aligned-center summary is-layout-flow wp-block-column-is-layout-flow\">\n<h2 class=\"wp-block-heading\">Serera<\/h2>\n\n\n\n<h3 class=\"wp-block-heading\">Erstes Buch: Die zwei Welten<\/h3>\n\n\n\n<p><em>Bruno Hof<\/em><\/p>\n\n\n\n<p>Hardcover | 832 Seiten | 13.5 x 21.5 cm<br>Leseband | partiell lackierter Bezug<br>ISBN 978-3-98600-666-2<br>1. Auflage<\/p>\n\n\n\n<p class=\"price\">29,90 \u20ac<\/p>\n\n\n\n<p><small>Enth\u00e4lt 7% MwSt. | zzgl. <a href=\"https:\/\/calderan.de\/versand__lieferung\/\" target=\"_blank\" rel=\"noreferrer noopener\">Versand<\/a><br>Lieferzeit: ca. 2-3 Werktage<\/small><\/p>\n\n\n\n<form class=\"cart\" action=\"\" method=\"post\" enctype=\"multipart\/form-data\">\t\n\t<button type=\"submit\" name=\"add-to-cart\" value=\"40\" class=\"single_add_to_cart_button button alt\">In den Warenkorb<\/button>\n<\/form>\n<\/div>\n<\/div>\n","protected":false},"excerpt":{"rendered":"<p>Das neue gro\u00dfe Fantasy-Epos! 832 Seiten atemberaubende Unterhaltung in edler Ausstattung Ab in den Warenkorb! Warum vermachenDas Buch wir dir?Warum verscharrenWir tief es nicht?Warum ist mirMein Wissen schierZur Hand entwischtStatt zahm zu harren? Die Menschheit steht vor dem Untergang \u2026 All unser Denken und Tun hinterl\u00e4sst Spuren. Nicht nur in unserer Welt, sondern auch in [&hellip;]<\/p>\n","protected":false},"author":1,"featured_media":0,"parent":0,"menu_order":0,"comment_status":"closed","ping_status":"closed","template":"page-serera-landing.php","meta":{"footnotes":""},"class_list":["post-149","page","type-page","status-publish","hentry"],"_links":{"self":[{"href":"https:\/\/calderan.de\/en\/wp-json\/wp\/v2\/pages\/149","targetHints":{"allow":["GET"]}}],"collection":[{"href":"https:\/\/calderan.de\/en\/wp-json\/wp\/v2\/pages"}],"about":[{"href":"https:\/\/calderan.de\/en\/wp-json\/wp\/v2\/types\/page"}],"author":[{"embeddable":true,"href":"https:\/\/calderan.de\/en\/wp-json\/wp\/v2\/users\/1"}],"replies":[{"embeddable":true,"href":"https:\/\/calderan.de\/en\/wp-json\/wp\/v2\/comments?post=149"}],"version-history":[{"count":60,"href":"https:\/\/calderan.de\/en\/wp-json\/wp\/v2\/pages\/149\/revisions"}],"predecessor-version":[{"id":296,"href":"https:\/\/calderan.de\/en\/wp-json\/wp\/v2\/pages\/149\/revisions\/296"}],"wp:attachment":[{"href":"https:\/\/calderan.de\/en\/wp-json\/wp\/v2\/media?parent=149"}],"curies":[{"name":"wp","href":"https:\/\/api.w.org\/{rel}","templated":true}]}}